{"id":20483,"date":"2022-04-14T11:11:13","date_gmt":"2022-04-14T08:11:13","guid":{"rendered":"https:\/\/www.kaunokolegija.lt\/vf\/?page_id=20483"},"modified":"2023-02-10T14:11:54","modified_gmt":"2023-02-10T12:11:54","slug":"2022-m-darbdaviu-apklausu-rezultatai","status":"publish","type":"page","link":"https:\/\/archyvas.kaunokolegija.lt\/vf\/fakultetas\/griztamasis-rysys\/2022-m-darbdaviu-apklausu-rezultatai\/","title":{"rendered":"2022 m. darbdavi\u0173 apklaus\u0173 rezultatai"},"content":{"rendered":"<div class=\"wpb-content-wrapper\"><p>[vc_row][vc_column][vc_column_text]\u2022 <a href=\"https:\/\/archyvas.kaunokolegija.lt\/kk_wp_content\/uploads\/sites\/10\/2022\/11\/FN-darbdaviu-vertinimo-rezultatai-2022-m.-1.pdf\"><strong>Finansai<\/strong><\/a><\/p>\n<p>\u2022 <a href=\"https:\/\/archyvas.kaunokolegija.lt\/kk_wp_content\/uploads\/sites\/10\/2022\/10\/BA-darbdaviu-vertinimo-rezultatai-2022-m.-1.pdf\"><strong>Apskaita<\/strong><\/a><\/p>\n<p>\u2022 <strong><a href=\"https:\/\/archyvas.kaunokolegija.lt\/kk_wp_content\/uploads\/sites\/10\/2022\/04\/AD-darbdaviu-vertinimo-rezultatai-2022-m..pdf\">\u012estaig\u0173 ir \u012fmoni\u0173 administravimas<\/a><\/strong><\/p>\n<p>\u2022 <strong><a href=\"https:\/\/archyvas.kaunokolegija.lt\/kk_wp_content\/uploads\/sites\/10\/2022\/05\/TS-darbdaviu-vertinimo-rezultatai-2022-m..pdf\">Teis\u0117<\/a><\/strong><\/p>\n<p>\u2022 <strong><a href=\"https:\/\/archyvas.kaunokolegija.lt\/kk_wp_content\/uploads\/sites\/10\/2022\/05\/TV-darbdaviu-vertinimo-rezultatai-2022-m..pdf\">Turizmo ir vie\u0161bu\u010di\u0173 vadyba<\/a><\/strong><\/p>\n<p><strong>\u2022 <a href=\"https:\/\/archyvas.kaunokolegija.lt\/kk_wp_content\/uploads\/2023\/02\/Tarptautinis-verslas-2022-m.pdf\">Tarptautinis verslas<\/a><\/strong><\/p>\n<p><strong>\u2022 <a href=\"https:\/\/archyvas.kaunokolegija.lt\/kk_wp_content\/uploads\/2023\/02\/Logistika-2022-m.pdf\">Logistika<\/a><\/strong><\/p>\n<p><strong>\u2022 <a href=\"https:\/\/archyvas.kaunokolegija.lt\/kk_wp_content\/uploads\/2023\/02\/TAIKOMOJI-KOMUNIKACIJA-2022-m.pdf\">Taikomoji komunikacija<\/a><\/strong><\/p>\n<p><strong>\u2022 <a href=\"https:\/\/archyvas.kaunokolegija.lt\/kk_wp_content\/uploads\/2023\/02\/Pardavimai-ir-marketingas-2022-m.pdf\">Pardavimai ir marketingas<\/a><\/strong>[\/vc_column_text][\/vc_column][\/vc_row][vc_row][vc_column][vc_empty_space height=&#8221;500px&#8221;][\/vc_column][\/vc_row]<\/p>\n<\/div>","protected":false},"excerpt":{"rendered":"<p>[vc_row][vc_column][vc_column_text]\u2022 Finansai \u2022 Apskaita \u2022 \u012estaig\u0173 ir \u012fmoni\u0173 administravimas \u2022 Teis\u0117 \u2022 Turizmo ir vie\u0161bu\u010di\u0173 vadyba \u2022 Tarptautinis verslas \u2022 Logistika \u2022 Taikomoji komunikacija \u2022 Pardavimai ir marketingas[\/vc_column_text][\/vc_column][\/vc_row][vc_row][vc_column][vc_empty_space height=&#8221;500px&#8221;][\/vc_column][\/vc_row]<\/p>\n","protected":false},"author":8,"featured_media":19441,"parent":17107,"menu_order":0,"comment_status":"closed","ping_status":"closed","template":"","meta":{"footnotes":""},"class_list":["post-20483","page","type-page","status-publish","has-post-thumbnail","hentry"],"_links":{"self":[{"href":"https:\/\/archyvas.kaunokolegija.lt\/vf\/wp-json\/wp\/v2\/pages\/20483","targetHints":{"allow":["GET"]}}],"collection":[{"href":"https:\/\/archyvas.kaunokolegija.lt\/vf\/wp-json\/wp\/v2\/pages"}],"about":[{"href":"https:\/\/archyvas.kaunokolegija.lt\/vf\/wp-json\/wp\/v2\/types\/page"}],"author":[{"embeddable":true,"href":"https:\/\/archyvas.kaunokolegija.lt\/vf\/wp-json\/wp\/v2\/users\/8"}],"replies":[{"embeddable":true,"href":"https:\/\/archyvas.kaunokolegija.lt\/vf\/wp-json\/wp\/v2\/comments?post=20483"}],"version-history":[{"count":17,"href":"https:\/\/archyvas.kaunokolegija.lt\/vf\/wp-json\/wp\/v2\/pages\/20483\/revisions"}],"predecessor-version":[{"id":22372,"href":"https:\/\/archyvas.kaunokolegija.lt\/vf\/wp-json\/wp\/v2\/pages\/20483\/revisions\/22372"}],"up":[{"embeddable":true,"href":"https:\/\/archyvas.kaunokolegija.lt\/vf\/wp-json\/wp\/v2\/pages\/17107"}],"wp:featuredmedia":[{"embeddable":true,"href":"https:\/\/archyvas.kaunokolegija.lt\/vf\/wp-json\/wp\/v2\/media\/19441"}],"wp:attachment":[{"href":"https:\/\/archyvas.kaunokolegija.lt\/vf\/wp-json\/wp\/v2\/media?parent=20483"}],"curies":[{"name":"wp","href":"https:\/\/api.w.org\/{rel}","templated":true}]}}