{"id":17337,"date":"2021-04-19T14:02:38","date_gmt":"2021-04-19T11:02:38","guid":{"rendered":"https:\/\/www.kaunokolegija.lt\/vf\/?page_id=17337"},"modified":"2025-04-24T15:38:59","modified_gmt":"2025-04-24T12:38:59","slug":"turizmo-ir-viesbuciu-vadyba","status":"publish","type":"page","link":"https:\/\/archyvas.kaunokolegija.lt\/vf\/fakultetas\/griztamasis-rysys\/turizmo-ir-viesbuciu-vadyba\/","title":{"rendered":"Turizmo ir vie\u0161bu\u010di\u0173 vadyba"},"content":{"rendered":"<div class=\"wpb-content-wrapper\"><p>[vc_row][vc_column]<div class='full-width-dropdown' id='dropdown-title'><div class='full-width-dropdown-header clearfix'><h2 class='dropdown-title pull-left'>Student\u0173 apklausos rezultatai<\/h2><div class='dropdown-btn pull-right'><i id='dropdown-btn' class='fa fa-angle-double-up closedTabBtn'aria-hidden='true'><\/i><\/div><\/div><div class='full-width-dropdown-body '><p>[vc_column_text css=&#8221;&#8221;]\u2022 <a href=\"https:\/\/archyvas.kaunokolegija.lt\/kk_wp_content\/uploads\/sites\/10\/2025\/04\/TV-2024-2025-Ruduo.pdf\">2024\u20132025 m. rudens semestras<\/a><\/p>\n<p>\u2022 <a href=\"https:\/\/archyvas.kaunokolegija.lt\/kk_wp_content\/uploads\/sites\/10\/2024\/11\/TV-2023-2024-Pavasaris-2.pdf\">2023\u20132024 m. pavasario semestras<\/a><\/p>\n<p>\u2022 <a href=\"https:\/\/archyvas.kaunokolegija.lt\/kk_wp_content\/uploads\/sites\/10\/2024\/04\/2023-2024-Ruduo-TV.pdf\">2023\u20132024 m. rudens semestras<\/a><\/p>\n<p>\u2022 <a href=\"https:\/\/archyvas.kaunokolegija.lt\/kk_wp_content\/uploads\/sites\/10\/2023\/11\/2022-2023-Pavasaris-TV.pdf\">2022\u20132023 m. pavasario semestras<\/a><\/p>\n<p>\u2022 <a href=\"https:\/\/archyvas.kaunokolegija.lt\/kk_wp_content\/uploads\/sites\/10\/2023\/04\/TV-2022-2023-ruduo.pdf\">2022\u20132023 m. rudens semestras<\/a><\/p>\n<p>\u2022 <a href=\"https:\/\/archyvas.kaunokolegija.lt\/kk_wp_content\/uploads\/sites\/10\/2022\/09\/2021-2022-Pavasaris-TV.pdf\">2021\u20132022 m. pavasario semestras<\/a><\/p>\n<p>\u2022 <a href=\"https:\/\/archyvas.kaunokolegija.lt\/kk_wp_content\/uploads\/sites\/10\/2022\/04\/2021-2022-ruduo-TV.pdf\">2021\u20132022 m. rudens semestras<\/a><\/p>\n<p>\u2022 <a href=\"https:\/\/archyvas.kaunokolegija.lt\/kk_wp_content\/uploads\/sites\/10\/2021\/11\/2020-2021-pavasaris-TV.pdf\">2020\u20132021 m. pavasario semestras<\/a><\/p>\n<p>\u2022 <a href=\"https:\/\/archyvas.kaunokolegija.lt\/kk_wp_content\/uploads\/sites\/10\/2021\/05\/2020-2021-ruduo-TV.pdf\">2020\u20132021 m. rudens semestras<\/a><\/p>\n<p>\u2022 <a href=\"https:\/\/archyvas.kaunokolegija.lt\/kk_wp_content\/uploads\/sites\/10\/2021\/05\/2019-2020-Pavasaris.pdf\">2019\u20132020 m. pavasario semestras<\/a><\/p>\n<p>\u2022 <a href=\"https:\/\/archyvas.kaunokolegija.lt\/kk_wp_content\/uploads\/sites\/10\/2021\/04\/TV-2019-2020-m.m._ruduo.pdf\">2019\u20132020 m. rudens semestras<\/a><\/p>\n<p>\u2022 <a href=\"https:\/\/archyvas.kaunokolegija.lt\/kk_wp_content\/uploads\/sites\/10\/2021\/04\/TV-2018-2019-m.m._pavasaris.pdf\">2018\u20132019 m. pavasario semestras<\/a><\/p>\n<p>\u2022 <a href=\"https:\/\/archyvas.kaunokolegija.lt\/kk_wp_content\/uploads\/sites\/10\/2021\/04\/TV-2018-2019-m.m._ruduo.pdf\">2018-2019 m. rudens semestras<\/a>[\/vc_column_text]<\/p>\n<\/div><\/div>[\/vc_column][\/vc_row]<\/p>\n<\/div>","protected":false},"excerpt":{"rendered":"<p>[vc_row][vc_column][\/vc_column][\/vc_row]<\/p>\n","protected":false},"author":8,"featured_media":9955,"parent":17107,"menu_order":0,"comment_status":"closed","ping_status":"closed","template":"","meta":{"footnotes":""},"class_list":["post-17337","page","type-page","status-publish","has-post-thumbnail","hentry"],"_links":{"self":[{"href":"https:\/\/archyvas.kaunokolegija.lt\/vf\/wp-json\/wp\/v2\/pages\/17337","targetHints":{"allow":["GET"]}}],"collection":[{"href":"https:\/\/archyvas.kaunokolegija.lt\/vf\/wp-json\/wp\/v2\/pages"}],"about":[{"href":"https:\/\/archyvas.kaunokolegija.lt\/vf\/wp-json\/wp\/v2\/types\/page"}],"author":[{"embeddable":true,"href":"https:\/\/archyvas.kaunokolegija.lt\/vf\/wp-json\/wp\/v2\/users\/8"}],"replies":[{"embeddable":true,"href":"https:\/\/archyvas.kaunokolegija.lt\/vf\/wp-json\/wp\/v2\/comments?post=17337"}],"version-history":[{"count":22,"href":"https:\/\/archyvas.kaunokolegija.lt\/vf\/wp-json\/wp\/v2\/pages\/17337\/revisions"}],"predecessor-version":[{"id":26987,"href":"https:\/\/archyvas.kaunokolegija.lt\/vf\/wp-json\/wp\/v2\/pages\/17337\/revisions\/26987"}],"up":[{"embeddable":true,"href":"https:\/\/archyvas.kaunokolegija.lt\/vf\/wp-json\/wp\/v2\/pages\/17107"}],"wp:featuredmedia":[{"embeddable":true,"href":"https:\/\/archyvas.kaunokolegija.lt\/vf\/wp-json\/wp\/v2\/media\/9955"}],"wp:attachment":[{"href":"https:\/\/archyvas.kaunokolegija.lt\/vf\/wp-json\/wp\/v2\/media?parent=17337"}],"curies":[{"name":"wp","href":"https:\/\/api.w.org\/{rel}","templated":true}]}}